{"id":7490,"date":"2020-02-17T16:53:52","date_gmt":"2020-02-17T16:53:52","guid":{"rendered":"https:\/\/www.tagadamedia.com\/?page_id=7490"},"modified":"2024-01-31T15:45:50","modified_gmt":"2024-01-31T15:45:50","slug":"privacy-policy","status":"publish","type":"page","link":"https:\/\/www.tagadamedia.com\/en\/privacy-policy\/","title":{"rendered":"Mention L\u00e9gales"},"content":{"rendered":"<h3 class=\"wp-block-heading\">I. IDENTIFICATION<\/h3>\n\n\n\n<p>Le pr\u00e9sent site accessible \u00e0 l&rsquo;adresse www.tagadamedia.com (le \u00ab\u00a0Site\u00a0\u00bb) est \u00e9dit\u00e9 par la soci\u00e9t\u00e9 TAGADAMEDIA, soci\u00e9t\u00e9 par actions simplifi\u00e9e au capital de 100.000 euros dont le si\u00e8ge social est 55 rue Legendre 75017 PARIS, immatricul\u00e9e au RCS de Paris sous le num\u00e9ro 809\u00a0062 607.<\/p>\n\n\n\n<p>The Director of publication of the Site is Mr. Adams MIMOUNI.<\/p>\n\n\n\n<p>Hosting of the Site is provided by AWS, a company domiciled in Ireland.<\/p>\n\n\n\n<p>L&rsquo;acc\u00e8s au Site ainsi que l&rsquo;utilisation de son contenu s&rsquo;effectuent dans le cadre des mentions d&rsquo;utilisation d\u00e9crites ci-apr\u00e8s. Le fait d&rsquo;acc\u00e9der et de naviguer sur le Site constitue de la part du visiteur une acceptation sans r\u00e9serve des stipulations suivantes :<\/p>\n\n\n\n<h3 class=\"wp-block-heading\">II. COPYRIGHT \u2013 PROPRIETE INTELLECTUELLE<\/h3>\n\n\n\n<h4 class=\"wp-block-heading\">2.1 Titularit\u00e9<\/h4>\n\n\n\n<p>TAGADAMEDIA est titulaire du nom de domaine.<\/p>\n\n\n\n<p>Le Site dans son ensemble, ainsi que les \u00e9l\u00e9ments que le composent (notamment, textes, arborescence, logiciels, animations, photographies, illustrations, sch\u00e9mas, repr\u00e9sentations graphiques, logos, etc.) constituent des oeuvres de l&rsquo;esprit prot\u00e9g\u00e9es par les articles L.111-1 et suivants du Code de la propri\u00e9t\u00e9 intellectuelle. Le Site ainsi que les \u00e9l\u00e9ments qui le composent sont la propri\u00e9t\u00e9 exclusive de TAGADAMEDIA, ou de tiers ayant autoris\u00e9 TAGADAMEDIA \u00e0 les exploiter, seule habilit\u00e9e \u00e0 utiliser les droits de propri\u00e9t\u00e9 intellectuelle et droits de la personnalit\u00e9 y aff\u00e9rents, notamment marques, mod\u00e8les, droits d&rsquo;auteur et droit \u00e0 l&rsquo;image, \u00e0 titre originaire ou par l&rsquo;effet d&rsquo;une licence ou d&rsquo;une autorisation expresse.<\/p>\n\n\n\n<h4 class=\"wp-block-heading\">2.2 Sanctions<\/h4>\n\n\n\n<p>L&rsquo;usage de tout ou partie du Site, notamment par t\u00e9l\u00e9chargement, reproduction, transmission, repr\u00e9sentation ou diffusion \u00e0 d&rsquo;autres fins que pour l&rsquo;usage personnel et priv\u00e9 dans un but non commercial de l&rsquo;internaute est strictement interdit. La violation de ces dispositions soumet son auteur aux sanctions pr\u00e9vues tant par le Code de la propri\u00e9t\u00e9 intellectuelle au titre notamment de la contrefa\u00e7on de droits d&rsquo;auteur (article L.335-3), de droit des marques (article L.716-9) que par le Code civil en mati\u00e8re de responsabilit\u00e9 civile (article 9, articles 1382 et suivants).<\/p>\n\n\n\n<h4 class=\"wp-block-heading\">2.3 Liens hypertextes<\/h4>\n\n\n\n<p>La cr\u00e9ation de tous liens hypertextes renvoyant \u00e0 l&rsquo;une quelconque des pages web ou \u00e9l\u00e9ments composant le Site est interdite, sauf autorisation \u00e9crite et pr\u00e9alable de TAGADAMEDIA, laquelle autorisation pouvant \u00eatre r\u00e9voqu\u00e9e \u00e0 tout moment. Tous les sites ayant un lien hypertexte dirigeant vers le Site ou l&rsquo;un quelconque des \u00e9l\u00e9ments qui le composent ne sont pas sous le contr\u00f4le de TAGADAMEDIA et celle-ci d\u00e9cline par cons\u00e9quent toute responsabilit\u00e9 (notamment \u00e9ditoriale) concernant l&rsquo;acc\u00e8s et le contenu \u00e0 ces sites.<\/p>\n\n\n\n<h3 class=\"wp-block-heading\">III. DONNEES A CARACTERE PERSONNEL<\/h3>\n\n\n\n<p>Les informations communiqu\u00e9es par l&rsquo;internaute sur le site font l&rsquo;objet d&rsquo;un traitement informatique dont le responsable du traitement est TAGADAMEDIA.<\/p>\n\n\n\n<p>Ces informations sont utilis\u00e9es sur le Site, aux fins de :<\/p>\n\n\n\n<p>-R\u00e9pondre \u00e0 la demande de contact exprim\u00e9e par l&rsquo;internaute<\/p>\n\n\n\n<p>Le caract\u00e8re obligatoire ou facultatif des informations demand\u00e9es est mentionn\u00e9 sous les formulaires de collecte. Le d\u00e9faut de fourniture d&rsquo;une information mentionn\u00e9e comme obligatoire ne permettra pas \u00e0 TAGADAMEDIA de r\u00e9pondre \u00e0 sa demande.<\/p>\n\n\n\n<p>L&rsquo;utilisateur peut se d\u00e9sinscrire dans les conditions vis\u00e9es ci-apr\u00e8s en \u00e9crivant \u00e0 TAGADAMEDIA et en s&rsquo;adressant aux partenaires concern\u00e9s identifi\u00e9s.<\/p>\n\n\n\n<p>Les donn\u00e9es collect\u00e9es sont destin\u00e9es \u00e0 l&rsquo;usage des services de TAGADAMEDIA ayant besoin d&rsquo;en conna\u00eetre pour assurer les finalit\u00e9s susvis\u00e9es ainsi que de ses filiales.<\/p>\n\n\n\n<p>L&rsquo;internaute dispose d&rsquo;un droit d&rsquo;acc\u00e8s, d&rsquo;un droit de rectifier, de compl\u00e9ter, de mettre \u00e0 jour, de verrouiller, de s&rsquo;opposer ou d&rsquo;effacer les donn\u00e9es \u00e0 caract\u00e8re personnel le concernant. Pour exercer ces droits, l&rsquo;internaute peut contacter par courrier \u00e9lectronique TAGADAMEDIA \u00e0 l&rsquo;adresse suivante : <a href=\"mailto:contact@tagadamedia.com\">contact@tagadamedia.com.<\/a><\/p>\n\n\n\n<p>TAGADAMEDIA conserve les donn\u00e9es \u00e0 caract\u00e8re personnel recueillies dans le cadre du fonctionnement du site pendant la dur\u00e9e de la relation contractuelle, ou de l&rsquo;inscription de l&rsquo;internaute sur le site, ainsi que pendant une dur\u00e9e de trois ann\u00e9es \u00e0 compter de la fin de celle-ci ou \u00e0 compter de l&rsquo;inscription.<\/p>\n\n\n\n<p>TAGADAMEDIA utilise des collecteurs automatis\u00e9s de donn\u00e9es (\u00ab\u00a0cookies\u00a0\u00bb) afin d&rsquo;identifier l&rsquo;internaute lors de ses visites successives sur le Site et d&rsquo;am\u00e9liorer le Service. Le cookie est un fichier informatique, stock\u00e9 pour une dur\u00e9e limit\u00e9e sur le disque dur de l&rsquo;ordinateur de l&rsquo;Utilisateur. L&rsquo;internaute conserve toutefois la possibilit\u00e9 de s&rsquo;opposer \u00e0 l&rsquo;enregistrement des cookies. Pour en savoir plus sur les cookies, nous vous invitons \u00e0 consulter le lien <a href=\"https:\/\/bo.tagadamedia.com\/about\/privacy\">Gestion des cookies<\/a>.<\/p>\n\n\n\n<h3 class=\"wp-block-heading\">IV. RESPONSABILITE<\/h3>\n\n\n\n<p>TAGADAMEDIA s&rsquo;efforce d&rsquo;assurer au mieux de ses possibilit\u00e9s l&rsquo;exactitude et la mise \u00e0 jour des informations diffus\u00e9es sur le Site, dont elle se r\u00e9serve le droit de corriger, \u00e0 tout moment et sans pr\u00e9avis, le contenu. Toutefois, TAGADAMEDIA ne peut garantir l&rsquo;exactitude, la pr\u00e9cision et l&rsquo;exhaustivit\u00e9 des informations mises \u00e0 disposition sur le Site lesquelles informations ne constituent ni une garantie ni un engagement de la part de TAGADAMEDIA \u00e0 l&rsquo;\u00e9gard de l&rsquo;utilisateur. En particulier, TAGADAMEDIA ne saurait \u00eatre tenue pour responsable :<\/p>\n\n\n\n<p>&#8211; de toute impr\u00e9cision, inexactitude ou omission portant sur des informations disponibles sur le Site<\/p>\n\n\n\n<p>&#8211; de tous dommages r\u00e9sultant d&rsquo;une intrusion informatique d&rsquo;un tiers ayant entra\u00een\u00e9 une modification des informations mises \u00e0 disposition sur le Site<\/p>\n\n\n\n<p>&#8211; et plus g\u00e9n\u00e9ralement, de tous dommages, directs ou indirects, qu&rsquo;elles qu&rsquo;en soient les causes, origines, natures et cons\u00e9quences, provoqu\u00e9s \u00e0 raison de l&rsquo;acc\u00e8s de quiconque au Site ou de l&rsquo;impossibilit\u00e9 d&rsquo;y acc\u00e9der, de m\u00eame que l&rsquo;utilisation du Site et\/ou du cr\u00e9dit accord\u00e9 \u00e0 une quelconque information provenant directement ou indirectement de ce dernier.<\/p>\n\n\n\n<p>TAGADAMEDIA met en oeuvre des moyens destin\u00e9s \u00e0 assurer la s\u00e9curit\u00e9 des fichiers constitu\u00e9s \u00e0 partir des donn\u00e9es \u00e0 caract\u00e8re personnel collect\u00e9es sur le Site. Il est toutefois rappel\u00e9 que TAGADAMEDIA ne ma\u00eetrise pas les risques li\u00e9s au fonctionnement d&rsquo;Internet et attire l&rsquo;attention des internautes sur l&rsquo;existence d&rsquo;\u00e9ventuels risques en terme de confidentialit\u00e9 des donn\u00e9es transitant via ce r\u00e9seau.<\/p>\n\n\n\n<h3 class=\"wp-block-heading\">V. MODIFICATIONS DES MENTIONS<\/h3>\n\n\n\n<p>TAGADAMEDIA informe les internautes consultant le Site que les pr\u00e9sentes mentions peuvent \u00eatre modifi\u00e9es \u00e0 tout moment. Ces modifications sont publi\u00e9es par leur mise en ligne et sont r\u00e9put\u00e9es accept\u00e9es sans r\u00e9serves par tout internaute qui acc\u00e8de au Site post\u00e9rieurement \u00e0 leur mise en ligne.<\/p>\n\n\n\n<h3 class=\"wp-block-heading\">VI. LITIGES<\/h3>\n\n\n\n<p>Les pr\u00e9sentes mentions sont \u00e9tablies en conformit\u00e9 avec le droit fran\u00e7ais et notamment des dispositions de la loi n\u00b02004-575 du 21 juin 2004 \u00ab\u00a0pour la confiance dans l&rsquo;\u00e9conomie num\u00e9rique\u00a0\u00bb et de la loi n\u00b078-17 du 6 janvier 1978 \u00ab\u00a0Informatique et Libert\u00e9s\u00a0\u00bb modifi\u00e9e par la loi n\u00b02004-801 du 6 ao\u00fbt 2004 \u00ab\u00a0relative \u00e0 la protection des personnes physiques \u00e0 l&rsquo;\u00e9gard des traitements de donn\u00e9es \u00e0 caract\u00e8re personnel\u00a0\u00bb. Les juridictions fran\u00e7aises sont territorialement comp\u00e9tentes pour conna\u00eetre de tout litige aff\u00e9rent \u00e0 l&rsquo;utilisation du Site, sauf dispositions contraires d\u00e9coulant du R\u00e8glement de Bruxelles du 20 d\u00e9cembre 2000 sur la comp\u00e9tence judiciaire et l&rsquo;ex\u00e9cution des jugements. Pour toute question que l&rsquo;internaute pourrait se poser sur l&rsquo;utilisation du Site et\/ou sur les pr\u00e9sentes mentions, pour toute demande qu&rsquo;il pourrait souhaiter adresser \u00e0 TAGADAMEDIA, il peut adresser un courrier \u00e9lectronique \u00e0 l&rsquo;adresse suivante : <a href=\"mailto:contact@tagadamedia.com\">contact@tagadamedia.com<\/a><\/p>","protected":false},"excerpt":{"rendered":"<p>I. IDENTIFICATION Le pr\u00e9sent site accessible \u00e0 l&rsquo;adresse www.tagadamedia.com (le \u00ab\u00a0Site\u00a0\u00bb) est \u00e9dit\u00e9 par la soci\u00e9t\u00e9 TAGADAMEDIA, soci\u00e9t\u00e9 par actions simplifi\u00e9e au capital de 100.000 euros dont le si\u00e8ge social est 55 rue Legendre 75017 PARIS, immatricul\u00e9e au RCS de Paris sous le num\u00e9ro 809\u00a0062&#8230;<\/p>","protected":false},"author":5,"featured_media":0,"parent":0,"menu_order":0,"comment_status":"closed","ping_status":"closed","template":"","meta":{"footnotes":""},"class_list":["post-7490","page","type-page","status-publish","hentry"],"_links":{"self":[{"href":"https:\/\/www.tagadamedia.com\/en\/wp-json\/wp\/v2\/pages\/7490","targetHints":{"allow":["GET"]}}],"collection":[{"href":"https:\/\/www.tagadamedia.com\/en\/wp-json\/wp\/v2\/pages"}],"about":[{"href":"https:\/\/www.tagadamedia.com\/en\/wp-json\/wp\/v2\/types\/page"}],"author":[{"embeddable":true,"href":"https:\/\/www.tagadamedia.com\/en\/wp-json\/wp\/v2\/users\/5"}],"replies":[{"embeddable":true,"href":"https:\/\/www.tagadamedia.com\/en\/wp-json\/wp\/v2\/comments?post=7490"}],"version-history":[{"count":5,"href":"https:\/\/www.tagadamedia.com\/en\/wp-json\/wp\/v2\/pages\/7490\/revisions"}],"predecessor-version":[{"id":7907,"href":"https:\/\/www.tagadamedia.com\/en\/wp-json\/wp\/v2\/pages\/7490\/revisions\/7907"}],"wp:attachment":[{"href":"https:\/\/www.tagadamedia.com\/en\/wp-json\/wp\/v2\/media?parent=7490"}],"curies":[{"name":"wp","href":"https:\/\/api.w.org\/{rel}","templated":true}]}}