{"id":7765,"date":"2023-03-16T15:35:22","date_gmt":"2023-03-16T15:35:22","guid":{"rendered":"https:\/\/www.tagadamedia.com\/?page_id=7765"},"modified":"2023-03-16T15:38:29","modified_gmt":"2023-03-16T15:38:29","slug":"mediazeen-rejoint-le-groupe-tagadamedia","status":"publish","type":"page","link":"https:\/\/www.tagadamedia.com\/en\/mediazeen-rejoint-le-groupe-tagadamedia\/","title":{"rendered":"Mediazeen rejoint le groupe Tagadamedia"},"content":{"rendered":"<div class=\"vc_row wpb_row vc_row-fluid edgtf-section edgtf-content-aligment-left\" style=\"\"><div class=\"clearfix edgtf-full-section-inner\"><div class=\"wpb_column vc_column_container vc_col-sm-12\"><div class=\"vc_column-inner\"><div class=\"wpb_wrapper\"><div class=\"vc_empty_space\"   style=\"height: 20px\"><span class=\"vc_empty_space_inner\"><\/span><\/div><\/div><\/div><\/div><\/div><\/div><div class=\"vc_row wpb_row vc_row-fluid edgtf-section edgtf-content-aligment-left\" style=\"\"><div class=\"clearfix edgtf-full-section-inner\"><div class=\"wpb_column vc_column_container vc_col-sm-12\"><div class=\"vc_column-inner\"><div class=\"wpb_wrapper\">\n\t<div class=\"wpb_text_column wpb_content_element\" >\n\t\t<div class=\"wpb_wrapper\">\n\t\t\t<p style=\"text-align: center; font-family: Montserrat,sans-serif;\">Nous avons le plaisir de vous annoncer que <strong><span style=\"color: #28337c;\">Mediazeen<\/span><\/strong>, l\u2019agence de marketing digital \u00e0 la performance, a rejoint le groupe <strong><span style=\"color: #ff235d;\">Tagadamedia<\/span><\/strong> en 2022 !<\/p>\n\n\t\t<\/div>\n\t<\/div>\n<div class=\"vc_empty_space\"   style=\"height: 32px\"><span class=\"vc_empty_space_inner\"><\/span><\/div>\n\t<div class=\"wpb_text_column wpb_content_element\" >\n\t\t<div class=\"wpb_wrapper\">\n\t\t\t<h4>Boostez vos ventes avec des prospects qualifi\u00e9s !<\/h4>\n\n\t\t<\/div>\n\t<\/div>\n\n\t<div class=\"wpb_text_column wpb_content_element  vc_custom_1678980889525\" >\n\t\t<div class=\"wpb_wrapper\">\n\t\t\t<ul>\n<li><strong><span style=\"font-family: Montserrat,sans-serif; font-size: 18px; color: #848484; line-height: 2em;\">Leads exclusifs<\/span><\/strong><span style=\"font-family: Montserrat,sans-serif; font-size: 18px; color: #848484; line-height: 2em;\"> ou mutualis\u00e9s<\/span><\/li>\n<li><span style=\"font-family: Montserrat,sans-serif; font-size: 18px; color: #848484; line-height: 2em;\">Campagnes d\u2019acquisition <strong>Premium<\/strong><\/span><\/li>\n<li><span style=\"font-family: Montserrat,sans-serif; font-size: 18px; color: #848484; line-height: 2em;\"><span style=\"font-family: Montserrat,sans-serif; font-size: 18px; color: #848484; line-height: 2em;\">R\u00e9ception de vos prospects en <strong>temps r\u00e9el<\/strong><\/span><\/span><\/li>\n<\/ul>\n\n\t\t<\/div>\n\t<\/div>\n<div class=\"vc_empty_space\"   style=\"height: 50px\"><span class=\"vc_empty_space_inner\"><\/span><\/div>\n\t<div class=\"wpb_text_column wpb_content_element\" >\n\t\t<div class=\"wpb_wrapper\">\n\t\t\t<h4>Nos domaines d\u2019expertise:<\/h4>\n\n\t\t<\/div>\n\t<\/div>\n<div class=\"vc_empty_space\"   style=\"height: 32px\"><span class=\"vc_empty_space_inner\"><\/span><\/div><\/div><\/div><\/div><\/div><\/div><div class=\"vc_row wpb_row vc_row-fluid edgtf-section vc_custom_1678980587850 edgtf-content-aligment-left\" style=\"\"><div class=\"clearfix edgtf-full-section-inner\"><div class=\"wpb_column vc_column_container vc_col-sm-6\"><div class=\"vc_column-inner\"><div class=\"wpb_wrapper\"><div class=\"edgtf-iwt clearfix edgtf-iwt-icon-left edgtf-iwt-icon-tiny\">\n    <div class=\"edgtf-iwt-icon-holder\" >\n                    \n    <span class=\"edgtf-icon-shortcode normal edgtf-icon-tiny\"  >\n        \n        <i class=\"edgtf-icon-font-awesome fa fa-circle edgtf-icon-element\" style=\"\" ><\/i>\n            <\/span>\n\n            <\/div>\n    <div class=\"edgtf-iwt-content-holder\" >\n        <div class=\"edgtf-iwt-title-holder\">\n            <h5 ><\/h5>\n        <\/div>\n        <div class=\"edgtf-iwt-text-holder\">\n            <p >Landing pages optimis\u00e9es<\/p>\n\n                    <\/div>\n    <\/div>\n<\/div><div class=\"edgtf-iwt clearfix edgtf-iwt-icon-left edgtf-iwt-icon-tiny\">\n    <div class=\"edgtf-iwt-icon-holder\" >\n                    \n    <span class=\"edgtf-icon-shortcode normal edgtf-icon-tiny\"  >\n        \n        <i class=\"edgtf-icon-font-awesome fa fa-circle edgtf-icon-element\" style=\"\" ><\/i>\n            <\/span>\n\n            <\/div>\n    <div class=\"edgtf-iwt-content-holder\" >\n        <div class=\"edgtf-iwt-title-holder\">\n            <h5 ><\/h5>\n        <\/div>\n        <div class=\"edgtf-iwt-text-holder\">\n            <p >Social Ads: Meta, Snapchat, Tiktok...<\/p>\n\n                    <\/div>\n    <\/div>\n<\/div><div class=\"edgtf-iwt clearfix edgtf-iwt-icon-left edgtf-iwt-icon-tiny\">\n    <div class=\"edgtf-iwt-icon-holder\" >\n                    \n    <span class=\"edgtf-icon-shortcode normal edgtf-icon-tiny\"  >\n        \n        <i class=\"edgtf-icon-font-awesome fa fa-circle edgtf-icon-element\" style=\"\" ><\/i>\n            <\/span>\n\n            <\/div>\n    <div class=\"edgtf-iwt-content-holder\" >\n        <div class=\"edgtf-iwt-title-holder\">\n            <h5 ><\/h5>\n        <\/div>\n        <div class=\"edgtf-iwt-text-holder\">\n            <p >SMS g\u00e9olocalis\u00e9s<\/p>\n\n                    <\/div>\n    <\/div>\n<\/div><\/div><\/div><\/div><div class=\"wpb_column vc_column_container vc_col-sm-6\"><div class=\"vc_column-inner\"><div class=\"wpb_wrapper\"><div class=\"edgtf-iwt clearfix edgtf-iwt-icon-left edgtf-iwt-icon-tiny\">\n    <div class=\"edgtf-iwt-icon-holder\" >\n                    \n    <span class=\"edgtf-icon-shortcode normal edgtf-icon-tiny\"  >\n        \n        <i class=\"edgtf-icon-font-awesome fa fa-circle edgtf-icon-element\" style=\"\" ><\/i>\n            <\/span>\n\n            <\/div>\n    <div class=\"edgtf-iwt-content-holder\" >\n        <div class=\"edgtf-iwt-title-holder\">\n            <h5 ><\/h5>\n        <\/div>\n        <div class=\"edgtf-iwt-text-holder\">\n            <p >Chatbot d\u2019acquisition<\/p>\n\n                    <\/div>\n    <\/div>\n<\/div><div class=\"edgtf-iwt clearfix edgtf-iwt-icon-left edgtf-iwt-icon-tiny\">\n    <div class=\"edgtf-iwt-icon-holder\" >\n                    \n    <span class=\"edgtf-icon-shortcode normal edgtf-icon-tiny\"  >\n        \n        <i class=\"edgtf-icon-font-awesome fa fa-circle edgtf-icon-element\" style=\"\" ><\/i>\n            <\/span>\n\n            <\/div>\n    <div class=\"edgtf-iwt-content-holder\" >\n        <div class=\"edgtf-iwt-title-holder\">\n            <h5 ><\/h5>\n        <\/div>\n        <div class=\"edgtf-iwt-text-holder\">\n            <p >Search, Google, Bing...<\/p>\n\n                    <\/div>\n    <\/div>\n<\/div><div class=\"edgtf-iwt clearfix edgtf-iwt-icon-left edgtf-iwt-icon-tiny\">\n    <div class=\"edgtf-iwt-icon-holder\" >\n                    \n    <span class=\"edgtf-icon-shortcode normal edgtf-icon-tiny\"  >\n        \n        <i class=\"edgtf-icon-font-awesome fa fa-circle edgtf-icon-element\" style=\"\" ><\/i>\n            <\/span>\n\n            <\/div>\n    <div class=\"edgtf-iwt-content-holder\" >\n        <div class=\"edgtf-iwt-title-holder\">\n            <h5 ><\/h5>\n        <\/div>\n        <div class=\"edgtf-iwt-text-holder\">\n            <p >T\u00e9l\u00e9marketing<\/p>\n\n                    <\/div>\n    <\/div>\n<\/div><\/div><\/div><\/div><\/div><\/div><div class=\"vc_row wpb_row vc_row-fluid edgtf-section edgtf-content-aligment-left\" style=\"\"><div class=\"clearfix edgtf-full-section-inner\"><div class=\"wpb_column vc_column_container vc_col-sm-12\"><div class=\"vc_column-inner\"><div class=\"wpb_wrapper\"><div class=\"vc_empty_space\"   style=\"height: 32px\"><span class=\"vc_empty_space_inner\"><\/span><\/div>\n\t<div class=\"wpb_text_column wpb_content_element\" >\n\t\t<div class=\"wpb_wrapper\">\n\t\t\t<h4>Nos secteurs:<\/h4>\n\n\t\t<\/div>\n\t<\/div>\n<div class=\"vc_empty_space\"   style=\"height: 32px\"><span class=\"vc_empty_space_inner\"><\/span><\/div><\/div><\/div><\/div><\/div><\/div><div class=\"vc_row wpb_row vc_row-fluid edgtf-section vc_custom_1678980652729 edgtf-content-aligment-left\" style=\"\"><div class=\"clearfix edgtf-full-section-inner\"><div class=\"wpb_column vc_column_container vc_col-sm-6\"><div class=\"vc_column-inner\"><div class=\"wpb_wrapper\"><div class=\"edgtf-iwt clearfix edgtf-iwt-icon-left edgtf-iwt-icon-tiny\">\n    <div class=\"edgtf-iwt-icon-holder\" >\n                    \n    <span class=\"edgtf-icon-shortcode normal edgtf-icon-tiny\"  data-color=\"#ff235d\">\n        \n        <i class=\"edgtf-icon-font-awesome fa fa-square edgtf-icon-element\" style=\"color: #ff235d\" ><\/i>\n            <\/span>\n\n            <\/div>\n    <div class=\"edgtf-iwt-content-holder\" >\n        <div class=\"edgtf-iwt-title-holder\">\n            <h5 ><\/h5>\n        <\/div>\n        <div class=\"edgtf-iwt-text-holder\">\n            <p >Travaux<\/p>\n\n                    <\/div>\n    <\/div>\n<\/div><div class=\"edgtf-iwt clearfix edgtf-iwt-icon-left edgtf-iwt-icon-tiny\">\n    <div class=\"edgtf-iwt-icon-holder\" >\n                    \n    <span class=\"edgtf-icon-shortcode normal edgtf-icon-tiny\"  data-color=\"#ff235d\">\n        \n        <i class=\"edgtf-icon-font-awesome fa fa-square edgtf-icon-element\" style=\"color: #ff235d\" ><\/i>\n            <\/span>\n\n            <\/div>\n    <div class=\"edgtf-iwt-content-holder\" >\n        <div class=\"edgtf-iwt-title-holder\">\n            <h5 ><\/h5>\n        <\/div>\n        <div class=\"edgtf-iwt-text-holder\">\n            <p >D\u00e9fiscalisation<\/p>\n\n                    <\/div>\n    <\/div>\n<\/div><div class=\"edgtf-iwt clearfix edgtf-iwt-icon-left edgtf-iwt-icon-tiny\">\n    <div class=\"edgtf-iwt-icon-holder\" >\n                    \n    <span class=\"edgtf-icon-shortcode normal edgtf-icon-tiny\"  data-color=\"#ff235d\">\n        \n        <i class=\"edgtf-icon-font-awesome fa fa-square edgtf-icon-element\" style=\"color: #ff235d\" ><\/i>\n            <\/span>\n\n            <\/div>\n    <div class=\"edgtf-iwt-content-holder\" >\n        <div class=\"edgtf-iwt-title-holder\">\n            <h5 ><\/h5>\n        <\/div>\n        <div class=\"edgtf-iwt-text-holder\">\n            <p >Assurance<\/p>\n\n                    <\/div>\n    <\/div>\n<\/div><\/div><\/div><\/div><div class=\"wpb_column vc_column_container vc_col-sm-6\"><div class=\"vc_column-inner\"><div class=\"wpb_wrapper\"><div class=\"edgtf-iwt clearfix edgtf-iwt-icon-left edgtf-iwt-icon-tiny\">\n    <div class=\"edgtf-iwt-icon-holder\" >\n                    \n    <span class=\"edgtf-icon-shortcode normal edgtf-icon-tiny\"  data-color=\"#ff235d\">\n        \n        <i class=\"edgtf-icon-font-awesome fa fa-square edgtf-icon-element\" style=\"color: #ff235d\" ><\/i>\n            <\/span>\n\n            <\/div>\n    <div class=\"edgtf-iwt-content-holder\" >\n        <div class=\"edgtf-iwt-title-holder\">\n            <h5 ><\/h5>\n        <\/div>\n        <div class=\"edgtf-iwt-text-holder\">\n            <p >\u00c9ducation<\/p>\n\n                    <\/div>\n    <\/div>\n<\/div><div class=\"edgtf-iwt clearfix edgtf-iwt-icon-left edgtf-iwt-icon-tiny\">\n    <div class=\"edgtf-iwt-icon-holder\" >\n                    \n    <span class=\"edgtf-icon-shortcode normal edgtf-icon-tiny\"  data-color=\"#ff235d\">\n        \n        <i class=\"edgtf-icon-font-awesome fa fa-square edgtf-icon-element\" style=\"color: #ff235d\" ><\/i>\n            <\/span>\n\n            <\/div>\n    <div class=\"edgtf-iwt-content-holder\" >\n        <div class=\"edgtf-iwt-title-holder\">\n            <h5 ><\/h5>\n        <\/div>\n        <div class=\"edgtf-iwt-text-holder\">\n            <p >Cr\u00e9dit<\/p>\n\n                    <\/div>\n    <\/div>\n<\/div><\/div><\/div><\/div><\/div><\/div><div class=\"vc_row wpb_row vc_row-fluid edgtf-section vc_custom_1678980185289 edgtf-content-aligment-left\" style=\"\"><div class=\"clearfix edgtf-full-section-inner\"><div class=\"wpb_column vc_column_container vc_col-sm-12\"><div class=\"vc_column-inner\"><div class=\"wpb_wrapper\"><div class=\"vc_empty_space\"   style=\"height: 32px\"><span class=\"vc_empty_space_inner\"><\/span><\/div>\n\t<div class=\"wpb_text_column wpb_content_element  vc_custom_1678980034119\" >\n\t\t<div class=\"wpb_wrapper\">\n\t\t\t<p style=\"text-align: center; font-family: Montserrat,sans-serif;\">En attendant de d\u00e9couvrir notre nouveau site internet, nous vous invitons \u00e0 nous contacter directement pour \u00e9changer sur <strong><span style=\"color: #ff235d;\">vos besoins et enjeux en termes d\u2019acquisition de trafic ou de collecte de prospects<\/span><\/strong> pour d\u00e9velopper votre chiffre d&rsquo;affaires.<\/p>\n\n\t\t<\/div>\n\t<\/div>\n<div class=\"vc_empty_space\"   style=\"height: 50px\"><span class=\"vc_empty_space_inner\"><\/span><\/div><\/div><\/div><\/div><\/div><\/div><div class=\"vc_row wpb_row vc_row-fluid edgtf-section edgtf-content-aligment-left\" style=\"\"><div class=\"clearfix edgtf-full-section-inner\"><div class=\"wpb_column vc_column_container vc_col-sm-3\"><div class=\"vc_column-inner\"><div class=\"wpb_wrapper\"><\/div><\/div><\/div><div class=\"wpb_column vc_column_container vc_col-sm-6\"><div class=\"vc_column-inner\"><div class=\"wpb_wrapper\"><div class=\"vc_empty_space\"   style=\"height: 20px\"><span class=\"vc_empty_space_inner\"><\/span><\/div>\n\t<div class=\"wpb_text_column wpb_content_element\" >\n\t\t<div class=\"wpb_wrapper\">\n\t\t\t<h3 style=\"text-align: center; line-height: 2em;\">Pr\u00eat \u00e0 d\u00e9velopper votre chiffre d\u2019affaires <span style=\"color: #ff235d;\">?<\/span><br \/>\nContactez-nous d\u00e8s maintenant<\/h3>\n\n\t\t<\/div>\n\t<\/div>\n<div class=\"vc_empty_space\"   style=\"height: 32px\"><span class=\"vc_empty_space_inner\"><\/span><\/div><div class=\"edgtf-iwt clearfix edgtf-iwt-icon-top edgtf-iwt-icon-medium\">\n    <div class=\"edgtf-iwt-icon-holder\" >\n                    \n    <span class=\"edgtf-icon-shortcode normal edgtf-icon-medium\"  >\n        \n        <i class=\"edgtf-icon-font-awesome fa fa-phone-square edgtf-icon-element\" style=\"\" ><\/i>\n            <\/span>\n\n            <\/div>\n    <div class=\"edgtf-iwt-content-holder\" >\n        <div class=\"edgtf-iwt-title-holder\">\n            <h5 >Phone<\/h5>\n        <\/div>\n        <div class=\"edgtf-iwt-text-holder\">\n            <p >+33 9 77 82 35 28<\/p>\n\n                    <\/div>\n    <\/div>\n<\/div><div class=\"vc_empty_space\"   style=\"height: 32px\"><span class=\"vc_empty_space_inner\"><\/span><\/div>\n<div class=\"wpcf7 no-js\" id=\"wpcf7-f7588-o1\" lang=\"fr-FR\" dir=\"ltr\" data-wpcf7-id=\"7588\">\n<div class=\"screen-reader-response\"><p role=\"status\" aria-live=\"polite\" aria-atomic=\"true\"><\/p> <ul><\/ul><\/div>\n<form action=\"\/en\/wp-json\/wp\/v2\/pages\/7765#wpcf7-f7588-o1\" method=\"post\" class=\"wpcf7-form init\" aria-label=\"Contact form\" novalidate=\"novalidate\" data-status=\"init\" data-trp-original-action=\"\/en\/wp-json\/wp\/v2\/pages\/7765#wpcf7-f7588-o1\">\n<fieldset class=\"hidden-fields-container\"><input type=\"hidden\" name=\"_wpcf7\" value=\"7588\" \/><input type=\"hidden\" name=\"_wpcf7_version\" value=\"6.1.1\" \/><input type=\"hidden\" name=\"_wpcf7_locale\" value=\"fr_FR\" \/><input type=\"hidden\" name=\"_wpcf7_unit_tag\" value=\"wpcf7-f7588-o1\" \/><input type=\"hidden\" name=\"_wpcf7_container_post\" value=\"0\" \/><input type=\"hidden\" name=\"_wpcf7_posted_data_hash\" value=\"\" \/><input type=\"hidden\" name=\"_wpcf7_recaptcha_response\" value=\"\" \/>\n<\/fieldset>\n<p><label class=\"required\"> First name <\/label><br \/>\n<span class=\"wpcf7-form-control-wrap\" data-name=\"first-name\"><input size=\"40\" maxlength=\"400\" class=\"wpcf7-form-control wpcf7-text wpcf7-validates-as-required\" aria-required=\"true\" aria-invalid=\"false\" value=\"\" type=\"text\" name=\"first-name\" \/><\/span>\n<\/p>\n<p><label class=\"required\"> Last name <\/label><br \/>\n<span class=\"wpcf7-form-control-wrap\" data-name=\"last-name\"><input size=\"40\" maxlength=\"400\" class=\"wpcf7-form-control wpcf7-text wpcf7-validates-as-required\" aria-required=\"true\" aria-invalid=\"false\" value=\"\" type=\"text\" name=\"last-name\" \/><\/span>\n<\/p>\n<p><label class=\"required\"> Email <\/label><br \/>\n<span class=\"wpcf7-form-control-wrap\" data-name=\"your-email\"><input size=\"40\" maxlength=\"400\" class=\"wpcf7-form-control wpcf7-email wpcf7-validates-as-required wpcf7-text wpcf7-validates-as-email\" aria-required=\"true\" aria-invalid=\"false\" value=\"\" type=\"email\" name=\"your-email\" \/><\/span>\n<\/p>\n<p><label class=\"required\"> Phone <\/label><br \/>\n<span class=\"wpcf7-form-control-wrap\" data-name=\"your-tel\"><input size=\"40\" maxlength=\"400\" class=\"wpcf7-form-control wpcf7-tel wpcf7-validates-as-required wpcf7-text wpcf7-validates-as-tel\" aria-required=\"true\" aria-invalid=\"false\" value=\"\" type=\"tel\" name=\"your-tel\" \/><\/span>\n<\/p>\n<p><label> Subject <\/label><br \/>\n<span class=\"wpcf7-form-control-wrap\" data-name=\"your-subject\"><input size=\"40\" maxlength=\"400\" class=\"wpcf7-form-control wpcf7-text\" aria-invalid=\"false\" value=\"\" type=\"text\" name=\"your-subject\" \/><\/span>\n<\/p>\n<p><label> Message <\/label><br \/>\n<span class=\"wpcf7-form-control-wrap\" data-name=\"your-message\"><textarea cols=\"40\" rows=\"10\" maxlength=\"2000\" class=\"wpcf7-form-control wpcf7-textarea\" aria-invalid=\"false\" name=\"your-message\"><\/textarea><\/span>\n<\/p>\n<p><input class=\"wpcf7-form-control wpcf7-submit has-spinner\" type=\"submit\" value=\"Send\" \/>\n<\/p><div class=\"wpcf7-response-output\" aria-hidden=\"true\"><\/div>\n<input type=\"hidden\" name=\"trp-form-language\" value=\"en\"\/><\/form>\n<\/div>\n<\/div><\/div><\/div><div class=\"wpb_column vc_column_container vc_col-sm-3\"><div class=\"vc_column-inner\"><div class=\"wpb_wrapper\"><\/div><\/div><\/div><\/div><\/div>","protected":false},"excerpt":{"rendered":"Nous avons le plaisir de vous annoncer que Mediazeen, l\u2019agence de marketing digital \u00e0 la performance, a rejoint le groupe Tagadamedia en 2022 ! Boostez vos ventes avec des prospects qualifi\u00e9s ! Leads exclusifs ou mutualis\u00e9s Campagnes d\u2019acquisition Premium R\u00e9ception de vos prospects en temps...","protected":false},"author":5,"featured_media":0,"parent":0,"menu_order":0,"comment_status":"closed","ping_status":"closed","template":"","meta":{"footnotes":""},"class_list":["post-7765","page","type-page","status-publish","hentry"],"_links":{"self":[{"href":"https:\/\/www.tagadamedia.com\/en\/wp-json\/wp\/v2\/pages\/7765","targetHints":{"allow":["GET"]}}],"collection":[{"href":"https:\/\/www.tagadamedia.com\/en\/wp-json\/wp\/v2\/pages"}],"about":[{"href":"https:\/\/www.tagadamedia.com\/en\/wp-json\/wp\/v2\/types\/page"}],"author":[{"embeddable":true,"href":"https:\/\/www.tagadamedia.com\/en\/wp-json\/wp\/v2\/users\/5"}],"replies":[{"embeddable":true,"href":"https:\/\/www.tagadamedia.com\/en\/wp-json\/wp\/v2\/comments?post=7765"}],"version-history":[{"count":98,"href":"https:\/\/www.tagadamedia.com\/en\/wp-json\/wp\/v2\/pages\/7765\/revisions"}],"predecessor-version":[{"id":7870,"href":"https:\/\/www.tagadamedia.com\/en\/wp-json\/wp\/v2\/pages\/7765\/revisions\/7870"}],"wp:attachment":[{"href":"https:\/\/www.tagadamedia.com\/en\/wp-json\/wp\/v2\/media?parent=7765"}],"curies":[{"name":"wp","href":"https:\/\/api.w.org\/{rel}","templated":true}]}}