{"id":7753,"date":"2023-01-10T10:22:19","date_gmt":"2023-01-10T10:22:19","guid":{"rendered":"https:\/\/www.tagadamedia.com\/?page_id=7753"},"modified":"2023-01-25T08:43:34","modified_gmt":"2023-01-25T08:43:34","slug":"gloads-devient-tagadamedia","status":"publish","type":"page","link":"https:\/\/www.tagadamedia.com\/fr\/gloads-devient-tagadamedia\/","title":{"rendered":"GloAds devient Tagadamedia"},"content":{"rendered":"<div class=\"vc_row wpb_row vc_row-fluid edgtf-section edgtf-content-aligment-left\" style=\"\"><div class=\"clearfix edgtf-full-section-inner\"><div class=\"wpb_column vc_column_container vc_col-sm-12\"><div class=\"vc_column-inner\"><div class=\"wpb_wrapper\">\n<div class=\"edgtf-section-title edgtf-section-align-center\" style=\"color: #bcbcbc;font-size: 22px\">\n\tGloAds rejoint Tagadamedia et continue de vous accompagner dans la g\u00e9n\u00e9ration de leads<\/div><div class=\"vc_empty_space\"   style=\"height: 50px\"><span class=\"vc_empty_space_inner\"><\/span><\/div><\/div><\/div><\/div><\/div><\/div><div class=\"vc_row wpb_row vc_row-fluid edgtf-section edgtf-content-aligment-center\" style=\"\"><div class=\"clearfix edgtf-full-section-inner\"><div class=\"wpb_column vc_column_container vc_col-sm-3\"><div class=\"vc_column-inner\"><div class=\"wpb_wrapper\"><div class=\"edgtf-iwt clearfix edgtf-iwt-left-from-title edgtf-iwt-icon-tiny\">\n    <div class=\"edgtf-iwt-content-holder\">\n        <div class=\"edgtf-iwt-icon-title-holder\">\n            <div class=\"edgtf-iwt-icon-holder\" >\n                                    \n    <span class=\"edgtf-icon-shortcode normal edgtf-icon-tiny\"  data-color=\"#ff235d\">\n        \n        <i class=\"edgtf-icon-font-awesome fa fa-square edgtf-icon-element\" style=\"color: #ff235d\" ><\/i>\n            <\/span>\n\n                            <\/div>\n            <div class=\"edgtf-iwt-title-holder\">\n                <h5 >Email marketing<\/h5>\n            <\/div>\n        <\/div>\n        <div class=\"edgtf-iwt-text-holder\">\n            <p ><\/p>\n\n                    <\/div>\n    <\/div>\n<\/div><\/div><\/div><\/div><div class=\"wpb_column vc_column_container vc_col-sm-3\"><div class=\"vc_column-inner\"><div class=\"wpb_wrapper\"><div class=\"edgtf-iwt clearfix edgtf-iwt-left-from-title edgtf-iwt-icon-tiny\">\n    <div class=\"edgtf-iwt-content-holder\">\n        <div class=\"edgtf-iwt-icon-title-holder\">\n            <div class=\"edgtf-iwt-icon-holder\" >\n                                    \n    <span class=\"edgtf-icon-shortcode normal edgtf-icon-tiny\"  data-color=\"#ff235d\">\n        \n        <i class=\"edgtf-icon-font-awesome fa fa-square edgtf-icon-element\" style=\"color: #ff235d\" ><\/i>\n            <\/span>\n\n                            <\/div>\n            <div class=\"edgtf-iwt-title-holder\">\n                <h5 >Affiliation<\/h5>\n            <\/div>\n        <\/div>\n        <div class=\"edgtf-iwt-text-holder\">\n            <p ><\/p>\n\n                    <\/div>\n    <\/div>\n<\/div><\/div><\/div><\/div><div class=\"wpb_column vc_column_container vc_col-sm-3\"><div class=\"vc_column-inner\"><div class=\"wpb_wrapper\"><div class=\"edgtf-iwt clearfix edgtf-iwt-left-from-title edgtf-iwt-icon-tiny\">\n    <div class=\"edgtf-iwt-content-holder\">\n        <div class=\"edgtf-iwt-icon-title-holder\">\n            <div class=\"edgtf-iwt-icon-holder\" >\n                                    \n    <span class=\"edgtf-icon-shortcode normal edgtf-icon-tiny\"  data-color=\"#ff235d\">\n        \n        <i class=\"edgtf-icon-font-awesome fa fa-square edgtf-icon-element\" style=\"color: #ff235d\" ><\/i>\n            <\/span>\n\n                            <\/div>\n            <div class=\"edgtf-iwt-title-holder\">\n                <h5 >Marketing direct<\/h5>\n            <\/div>\n        <\/div>\n        <div class=\"edgtf-iwt-text-holder\">\n            <p ><\/p>\n\n                    <\/div>\n    <\/div>\n<\/div><\/div><\/div><\/div><div class=\"wpb_column vc_column_container vc_col-sm-3\"><div class=\"vc_column-inner\"><div class=\"wpb_wrapper\"><div class=\"edgtf-iwt clearfix edgtf-iwt-left-from-title edgtf-iwt-icon-tiny\">\n    <div class=\"edgtf-iwt-content-holder\">\n        <div class=\"edgtf-iwt-icon-title-holder\">\n            <div class=\"edgtf-iwt-icon-holder\" >\n                                    \n    <span class=\"edgtf-icon-shortcode normal edgtf-icon-tiny\"  data-color=\"#ff235d\">\n        \n        <i class=\"edgtf-icon-font-awesome fa fa-square edgtf-icon-element\" style=\"color: #ff235d\" ><\/i>\n            <\/span>\n\n                            <\/div>\n            <div class=\"edgtf-iwt-title-holder\">\n                <h5 >Sweepstakes<\/h5>\n            <\/div>\n        <\/div>\n        <div class=\"edgtf-iwt-text-holder\">\n            <p ><\/p>\n\n                    <\/div>\n    <\/div>\n<\/div><\/div><\/div><\/div><div class=\"wpb_column vc_column_container vc_col-sm-12\"><div class=\"vc_column-inner\"><div class=\"wpb_wrapper\">\n\t<div class=\"wpb_text_column wpb_content_element \" >\n\t\t<div class=\"wpb_wrapper\">\n\t\t\t<p style=\"text-align: center;\">Nous serons tr\u00e8s heureux de vous aider dans votre recherches de leads. Contactez sans attendre notre \u00e9quipe d&rsquo;experts.<\/p>\n\n\t\t<\/div>\n\t<\/div>\n<div class=\"vc_empty_space\"   style=\"height: 50px\"><span class=\"vc_empty_space_inner\"><\/span><\/div><\/div><\/div><\/div><\/div><\/div><div id=\"contact\" class=\"vc_row wpb_row vc_row-fluid edgtf-section vc_custom_1674576117967 edgtf-content-aligment-left\" style=\"\"><div class=\"clearfix edgtf-full-section-inner\"><div class=\"wpb_column vc_column_container vc_col-sm-3\"><div class=\"vc_column-inner\"><div class=\"wpb_wrapper\"><\/div><\/div><\/div><div class=\"wpb_column vc_column_container vc_col-sm-6\"><div class=\"vc_column-inner\"><div class=\"wpb_wrapper\">\n\t<div class=\"wpb_text_column wpb_content_element \" >\n\t\t<div class=\"wpb_wrapper\">\n\t\t\t<h3 style=\"text-align: center;\">Besoin de plus d&rsquo;informations <span style=\"color: #ff235d;\">?<\/span><\/h3>\n\n\t\t<\/div>\n\t<\/div>\n<div class=\"vc_empty_space\"   style=\"height: 32px\"><span class=\"vc_empty_space_inner\"><\/span><\/div><div class=\"edgtf-iwt clearfix edgtf-iwt-icon-top edgtf-iwt-icon-medium\">\n    <div class=\"edgtf-iwt-icon-holder\" >\n                    \n    <span class=\"edgtf-icon-shortcode normal edgtf-icon-medium\"  >\n        \n        <i class=\"edgtf-icon-font-awesome fa fa-phone-square edgtf-icon-element\" style=\"\" ><\/i>\n            <\/span>\n\n            <\/div>\n    <div class=\"edgtf-iwt-content-holder\" >\n        <div class=\"edgtf-iwt-title-holder\">\n            <h5 >T\u00e9l\u00e9phone<\/h5>\n        <\/div>\n        <div class=\"edgtf-iwt-text-holder\">\n            <p >+33 1 42 96 41 69<\/p>\n\n                    <\/div>\n    <\/div>\n<\/div><div class=\"vc_empty_space\"   style=\"height: 32px\"><span class=\"vc_empty_space_inner\"><\/span><\/div>\n<div class=\"wpcf7 no-js\" id=\"wpcf7-f7588-o1\" lang=\"fr-FR\" dir=\"ltr\" data-wpcf7-id=\"7588\">\n<div class=\"screen-reader-response\"><p role=\"status\" aria-live=\"polite\" aria-atomic=\"true\"><\/p> <ul><\/ul><\/div>\n<form action=\"\/fr\/wp-json\/wp\/v2\/pages\/7753#wpcf7-f7588-o1\" method=\"post\" class=\"wpcf7-form init\" aria-label=\"Contact form\" novalidate=\"novalidate\" data-status=\"init\">\n<fieldset class=\"hidden-fields-container\"><input type=\"hidden\" name=\"_wpcf7\" value=\"7588\" \/><input type=\"hidden\" name=\"_wpcf7_version\" value=\"6.1.1\" \/><input type=\"hidden\" name=\"_wpcf7_locale\" value=\"fr_FR\" \/><input type=\"hidden\" name=\"_wpcf7_unit_tag\" value=\"wpcf7-f7588-o1\" \/><input type=\"hidden\" name=\"_wpcf7_container_post\" value=\"0\" \/><input type=\"hidden\" name=\"_wpcf7_posted_data_hash\" value=\"\" \/><input type=\"hidden\" name=\"_wpcf7_recaptcha_response\" value=\"\" \/>\n<\/fieldset>\n<p><label class=\"required\"> Pr\u00e9nom <\/label><br \/>\n<span class=\"wpcf7-form-control-wrap\" data-name=\"first-name\"><input size=\"40\" maxlength=\"400\" class=\"wpcf7-form-control wpcf7-text wpcf7-validates-as-required\" aria-required=\"true\" aria-invalid=\"false\" value=\"\" type=\"text\" name=\"first-name\" \/><\/span>\n<\/p>\n<p><label class=\"required\"> Nom <\/label><br \/>\n<span class=\"wpcf7-form-control-wrap\" data-name=\"last-name\"><input size=\"40\" maxlength=\"400\" class=\"wpcf7-form-control wpcf7-text wpcf7-validates-as-required\" aria-required=\"true\" aria-invalid=\"false\" value=\"\" type=\"text\" name=\"last-name\" \/><\/span>\n<\/p>\n<p><label class=\"required\"> Email <\/label><br \/>\n<span class=\"wpcf7-form-control-wrap\" data-name=\"your-email\"><input size=\"40\" maxlength=\"400\" class=\"wpcf7-form-control wpcf7-email wpcf7-validates-as-required wpcf7-text wpcf7-validates-as-email\" aria-required=\"true\" aria-invalid=\"false\" value=\"\" type=\"email\" name=\"your-email\" \/><\/span>\n<\/p>\n<p><label class=\"required\"> T\u00e9l\u00e9phone <\/label><br \/>\n<span class=\"wpcf7-form-control-wrap\" data-name=\"your-tel\"><input size=\"40\" maxlength=\"400\" class=\"wpcf7-form-control wpcf7-tel wpcf7-validates-as-required wpcf7-text wpcf7-validates-as-tel\" aria-required=\"true\" aria-invalid=\"false\" value=\"\" type=\"tel\" name=\"your-tel\" \/><\/span>\n<\/p>\n<p><label> Objet <\/label><br \/>\n<span class=\"wpcf7-form-control-wrap\" data-name=\"your-subject\"><input size=\"40\" maxlength=\"400\" class=\"wpcf7-form-control wpcf7-text\" aria-invalid=\"false\" value=\"\" type=\"text\" name=\"your-subject\" \/><\/span>\n<\/p>\n<p><label> Message <\/label><br \/>\n<span class=\"wpcf7-form-control-wrap\" data-name=\"your-message\"><textarea cols=\"40\" rows=\"10\" maxlength=\"2000\" class=\"wpcf7-form-control wpcf7-textarea\" aria-invalid=\"false\" name=\"your-message\"><\/textarea><\/span>\n<\/p>\n<p><input class=\"wpcf7-form-control wpcf7-submit has-spinner\" type=\"submit\" value=\"Envoyer\" \/>\n<\/p><div class=\"wpcf7-response-output\" aria-hidden=\"true\"><\/div>\n<\/form>\n<\/div>\n<\/div><\/div><\/div><div class=\"wpb_column vc_column_container vc_col-sm-3\"><div class=\"vc_column-inner\"><div class=\"wpb_wrapper\"><\/div><\/div><\/div><\/div><\/div>\n","protected":false},"excerpt":{"rendered":"GloAds rejoint Tagadamedia et continue de vous accompagner dans la g\u00e9n\u00e9ration de leads Email marketing Affiliation Marketing direct Sweepstakes Nous serons tr\u00e8s heureux de vous aider dans votre recherches de leads. Contactez sans attendre notre \u00e9quipe d'experts. Besoin de plus d'informations ? T\u00e9l\u00e9phone +33 1...","protected":false},"author":14,"featured_media":0,"parent":0,"menu_order":0,"comment_status":"closed","ping_status":"closed","template":"","meta":{"footnotes":""},"class_list":["post-7753","page","type-page","status-publish","hentry"],"_links":{"self":[{"href":"https:\/\/www.tagadamedia.com\/fr\/wp-json\/wp\/v2\/pages\/7753","targetHints":{"allow":["GET"]}}],"collection":[{"href":"https:\/\/www.tagadamedia.com\/fr\/wp-json\/wp\/v2\/pages"}],"about":[{"href":"https:\/\/www.tagadamedia.com\/fr\/wp-json\/wp\/v2\/types\/page"}],"author":[{"embeddable":true,"href":"https:\/\/www.tagadamedia.com\/fr\/wp-json\/wp\/v2\/users\/14"}],"replies":[{"embeddable":true,"href":"https:\/\/www.tagadamedia.com\/fr\/wp-json\/wp\/v2\/comments?post=7753"}],"version-history":[{"count":6,"href":"https:\/\/www.tagadamedia.com\/fr\/wp-json\/wp\/v2\/pages\/7753\/revisions"}],"predecessor-version":[{"id":7780,"href":"https:\/\/www.tagadamedia.com\/fr\/wp-json\/wp\/v2\/pages\/7753\/revisions\/7780"}],"wp:attachment":[{"href":"https:\/\/www.tagadamedia.com\/fr\/wp-json\/wp\/v2\/media?parent=7753"}],"curies":[{"name":"wp","href":"https:\/\/api.w.org\/{rel}","templated":true}]}}