{"id":7908,"date":"2024-01-31T16:11:19","date_gmt":"2024-01-31T16:11:19","guid":{"rendered":"https:\/\/www.tagadamedia.com\/?page_id=7908"},"modified":"2024-01-31T16:45:40","modified_gmt":"2024-01-31T16:45:40","slug":"politique-de-protection-des-donnees-et-cookies","status":"publish","type":"page","link":"https:\/\/www.tagadamedia.com\/fr\/politique-de-protection-des-donnees-et-cookies\/","title":{"rendered":"Politique de protection des donn\u00e9es et cookies"},"content":{"rendered":"\r\n<p><strong>POLITIQUE DE PROTECTION DES DONN\u00c9ES PERSONNELLES ET COOKIES<\/strong><\/p>\r\n\r\n\r\n\r\n<p>La pr\u00e9sente Politique a pour objectif de vous informer de l\u2019utilisation de vos informations personnelles et de l\u2019utilisation de cookies lors de votre navigation sur notre site internet (le \u00ab\u00a0<strong>Site<\/strong>\u00a0\u00bb).<\/p>\r\n\r\n\r\n\r\n<p>\u00c0 travers cette Politique, nous souhaitons que vous compreniez la nature des informations personnelles que nous recueillons, la fa\u00e7on dont nous les utilisons, avec qui nous les partageons, comment nous nous effor\u00e7ons de les prot\u00e9ger, comment vous pouvez exercer vos droits et, enfin, comment nous contacter.<\/p>\r\n\r\n\r\n\r\n<p>Cette Politique a \u00e9galement pour objet de vous communiquer toutes les informations impos\u00e9es par l\u2019article 13 du R\u00e8glement UE 2016\/679 du Parlement europ\u00e9en et du Conseil du 27 avril 2016 relatif \u00e0 la protection des personnes physiques \u00e0 l&rsquo;\u00e9gard du traitement des donn\u00e9es \u00e0 caract\u00e8re personnel et \u00e0 la libre circulation de ces donn\u00e9es (\u00ab RGPD \u00bb).<\/p>\r\n\r\n\r\n\r\n<p>Enfin, nous attirons votre attention sur le fait que nous pouvons \u00eatre amen\u00e9s \u00e0 apporter des modifications \u00e0 cette Politique notamment pour la conformer \u00e0 toute nouvelle r\u00e9glementation ou pour l\u2019adapter \u00e0 nos pratiques. En cas de modifications majeures, nous afficherons une notification de mani\u00e8re visible sur la page d\u2019accueil du Site. En tout hypoth\u00e8se, nous vous invitons \u00e0 consulter r\u00e9guli\u00e8rement cette Politique.<\/p>\r\n\r\n\r\n\r\n<ol class=\"wp-block-list\">\r\n<li><strong>Responsables de traitement<\/strong><\/li>\r\n<\/ol>\r\n\r\n\r\n\r\n<p>Vos informations personnelles recueillies sur le Site, et notamment via les diff\u00e9rents formulaires de collecte, font l\u2019objet de traitements informatiques dont les responsables sont\u00a0:<\/p>\r\n\r\n\r\n\r\n<ul class=\"wp-block-list\">\r\n<li>La soci\u00e9t\u00e9 TAGADAMEDIA, S.A.S au capital social de 100.000 euros, immatricul\u00e9e au RCS de Paris sous le n\u00b0809 062 607, dont le si\u00e8ge social est situ\u00e9 55, rue Legendre 75017 Paris (France).<\/li>\r\n<\/ul>\r\n\r\n\r\n\r\n<ol class=\"wp-block-list\" start=\"2\">\r\n<li><strong>Donn\u00e9es personnelles pouvant \u00eatre collect\u00e9es sur le Site<\/strong><\/li>\r\n<\/ol>\r\n\r\n\r\n\r\n<p>La notion de \u00ab\u00a0donn\u00e9e \u00e0 caract\u00e8re personnel\u00a0\u00bb ou \u00ab\u00a0donn\u00e9e personnelle\u00a0\u00bb d\u00e9signe toute information relative \u00e0 une personne physique identifi\u00e9e ou identifiable.<\/p>\r\n\r\n\r\n\r\n<p>Conform\u00e9ment au principe de minimisation, nous veillons \u00e0 ne collecter que des donn\u00e9es personnelles strictement n\u00e9cessaires aux finalit\u00e9s des traitements mis en \u0153uvre, telles que d\u00e9crites au sein de la pr\u00e9sente Politique.<\/p>\r\n\r\n\r\n\r\n<p>Lors de votre navigation sur le Site, et en fonction de vos actions, nous serons susceptibles de collecter des donn\u00e9es personnelles vous concernant.<\/p>\r\n\r\n\r\n\r\n<p><strong>Action 1\u00a0: Lorsque vous naviguez sur le Site<\/strong><\/p>\r\n\r\n\r\n\r\n<p>Les donn\u00e9es personnelles collect\u00e9es sont des donn\u00e9es li\u00e9es \u00e0 votre navigation (<em>ex\u00a0: adresse IP<\/em>) et des informations techniques rendues disponibles par votre terminal ou navigateur internet. Ces donn\u00e9es peuvent \u00eatre collect\u00e9es (i) \u00e0 votre arriv\u00e9e sur le Site ou (ii) apr\u00e8s avoir recueilli votre consentement \u00e0 l\u2019utilisation de cookies.<\/p>\r\n\r\n\r\n\r\n<p>Pour plus d\u2019informations, merci de consulter notre gestionnaire de consentement cookies.<\/p>\r\n\r\n\r\n\r\n<p><strong>Action 2\u00a0: Lorsque vous laissez une demande de contact<\/strong><\/p>\r\n\r\n\r\n\r\n<p>Pour cela, les donn\u00e9es collect\u00e9es sont celles que vous fournissez directement lorsque vous compl\u00e9tez le formulaire de contact, telles que vos donn\u00e9es d\u2019identification (<em>votre nom<\/em>), et toute autre donn\u00e9e que vous aurez renseign\u00e9e au sein de votre commentaire.<\/p>\r\n\r\n\r\n\r\n<ol class=\"wp-block-list\" start=\"3\">\r\n<li><strong>Finalit\u00e9s et bases l\u00e9gales des traitements de vos donn\u00e9es<\/strong><\/li>\r\n<\/ol>\r\n\r\n\r\n\r\n<p>Les finalit\u00e9s et bases l\u00e9gales des traitements de vos donn\u00e9es personnelles sont les suivantes:<\/p>\r\n<p>&nbsp;<\/p>\r\n\r\n\r\n\r\n<figure class=\"wp-block-table\">\r\n<table>\r\n<tbody>\r\n<tr>\r\n<td><strong>Actions<\/strong><\/td>\r\n<td><strong>Finalit\u00e9s<\/strong><\/td>\r\n<td><strong>Base l\u00e9gale<\/strong><\/td>\r\n<\/tr>\r\n<tr>\r\n<td><strong>Action 1: Lorsque vous naviguez sur le site<\/strong><\/td>\r\n<td>Voir notre gestionnaire de consentement cookies.<\/td>\r\n<td>Votre consentement ou notre int\u00e9r\u00eat l\u00e9gitime.<\/td>\r\n<\/tr>\r\n<tr>\r\n<td><strong>Action 2: Lorsque vous compl\u00e9tez un formulaire de contact<\/strong><\/td>\r\n<td>Prendre en compte votre demande et pouvoir y r\u00e9pondre<\/td>\r\n<td>Notre int\u00e9r\u00eat l\u00e9gitime de recueillir vos demandes<\/td>\r\n<\/tr>\r\n<\/tbody>\r\n<\/table>\r\n<\/figure>\r\n\r\n\r\n\r\n<p>Vos donn\u00e9es personnelles sont \u00e9galement susceptibles d\u2019\u00eatre trait\u00e9es pour les finalit\u00e9s et bases l\u00e9gales suivantes\u00a0:<\/p>\r\n\r\n\r\n\r\n<figure class=\"wp-block-table\">\r\n<table>\r\n<tbody>\r\n<tr>\r\n<td><strong>Finalit\u00e9s<\/strong><\/td>\r\n<td><strong>Bases l\u00e9gales<\/strong><\/td>\r\n<\/tr>\r\n<tr>\r\n<td>R\u00e9pondre \u00e0 vos demandes d\u2019exercice de droits (<em>droit d\u2019acc\u00e8s, de rectification, d\u2019effacement, d\u2019opposition, de portabilit\u00e9, etc.<\/em>).<\/td>\r\n<td>Notre obligation l\u00e9gale.<\/td>\r\n<\/tr>\r\n<tr>\r\n<td>Le cas \u00e9ch\u00e9ant, \u00eatre en mesure de d\u00e9montrer le respect de nos obligations l\u00e9gales et r\u00e9glementaires.<\/td>\r\n<td>Notre obligation l\u00e9gale.<\/td>\r\n<\/tr>\r\n<\/tbody>\r\n<\/table>\r\n<\/figure>\r\n\r\n\r\n\r\n<ol class=\"wp-block-list\" start=\"4\">\r\n<li><strong>Les cat\u00e9gories de destinataires de vos donn\u00e9es<\/strong><\/li>\r\n<\/ol>\r\n\r\n\r\n\r\n<p><strong>Nos \u00e9quipes internes <\/strong>: vos donn\u00e9es personnelles sont destin\u00e9es et accessibles \u00e0 nos \u00e9quipes internes dont les fonctions requi\u00e8rent un tel acc\u00e8s pour mener \u00e0 bien leurs missions (<em>ex\u00a0: service marketing en charge de l\u2019exploitation du Site, service charg\u00e9 de l\u2019organisation des op\u00e9rations, service informatique pour la gestion technique du Site, etc.<\/em>). Les acc\u00e8s \u00e0 vos donn\u00e9es personnelles sont accord\u00e9s conform\u00e9ment au principe de moindre privil\u00e8ge, c\u2019est-\u00e0-dire qu\u2019ils ne concernent que les personnes ayant strictement besoin d\u2019acc\u00e9der \u00e0 vos donn\u00e9es dans le cadre de leurs fonctions et pour le p\u00e9rim\u00e8tre des finalit\u00e9s susmentionn\u00e9es.\u00a0<\/p>\r\n\r\n\r\n\r\n<p>&nbsp;<\/p>\r\n\r\n\r\n\r\n<p><strong>Nos sous-traitants<\/strong>\u00a0: vos donn\u00e9es personnelles peuvent \u00eatre transmises \u00e0 des sous-traitants lorsque cet acc\u00e8s est n\u00e9cessaire \u00e0 la r\u00e9alisation de leurs missions, tels que\u00a0:<\/p>\r\n\r\n\r\n\r\n<ul class=\"wp-block-list\">\r\n<li>Nos sous-traitant(s) en charge de l\u2019h\u00e9bergement des donn\u00e9es et du Site.<\/li>\r\n\r\n\r\n\r\n<li>Nos consultants ou intervenants externes dont la mission est li\u00e9e aux finalit\u00e9s de traitement susmentionn\u00e9es.<\/li>\r\n\r\n\r\n\r\n<li>Notre sous-traitant en charge de la gestion et de l\u2019h\u00e9bergement de notre base CRM pour l\u2019envoi de prospection commerciale.<\/li>\r\n<\/ul>\r\n\r\n\r\n\r\n<p>Nos sous-traitants sont li\u00e9s par des accords de protection des donn\u00e9es stricts et conformes au RGPD. Ces sous-traitants ne peuvent agir que sur les instructions que nous leur fournissons sur le traitement de vos donn\u00e9es et pr\u00e9sentent des garanties \u00e9lev\u00e9es pour assurer la s\u00e9curit\u00e9, l\u2019int\u00e9grit\u00e9, la disponibilit\u00e9 et la confidentialit\u00e9 de vos donn\u00e9es personnelles.<\/p>\r\n\r\n\r\n\r\n<p><strong>Autorit\u00e9s judiciaires, publiques et gouvernementales<\/strong>\u00a0: le cas \u00e9ch\u00e9ant, nous pouvons \u00eatre tenus de divulguer vos donn\u00e9es personnelles lorsque cette divulgation est n\u00e9cessaire pour\u00a0:<\/p>\r\n\r\n\r\n\r\n<ul class=\"wp-block-list\">\r\n<li>Se conformer \u00e0 la loi (<em>ou \u00e0 une assignation \u00e0 t\u00e9moigner ou ordonnance du tribunal<\/em>).<\/li>\r\n\r\n\r\n\r\n<li>Se conformer aux demandes l\u00e9gitimes \u00e9manant d&rsquo;autorit\u00e9s publiques et gouvernementales.<\/li>\r\n\r\n\r\n\r\n<li>Pr\u00e9venir un d\u00e9lit ou proc\u00e9der \u00e0 une enqu\u00eate, par exemple en cas de fraude ou de vol d&rsquo;identit\u00e9.<\/li>\r\n\r\n\r\n\r\n<li>Prot\u00e9ger les droits, la propri\u00e9t\u00e9 ou la s\u00e9curit\u00e9 du Groupe Tagadamedia, des internautes ou de tiers.<\/li>\r\n<\/ul>\r\n\r\n\r\n\r\n<p><strong>Transferts de donn\u00e9es en dehors de l\u2019Union europ\u00e9enne<\/strong>\u00a0: Cela inclut toute communication, copie ou d\u00e9placement de donn\u00e9es personnelles ayant vocation \u00e0 \u00eatre trait\u00e9es dans un pays tiers \u00e0 l\u2019Union europ\u00e9enne. La notion de transfert de donn\u00e9es inclut \u00e9galement tout acc\u00e8s \/ consultation de donn\u00e9es personnelles depuis un pays tiers \u00e0 l\u2019Union europ\u00e9enne.<\/p>\r\n\r\n\r\n\r\n<p>Dans l\u2019hypoth\u00e8se o\u00f9 vos donn\u00e9es personnelles seraient transf\u00e9r\u00e9es \u00e0 un ou plusieurs destinataires situ\u00e9s en dehors de l\u2019Union europ\u00e9enne, nous garantissons :<\/p>\r\n\r\n\r\n\r\n<ul class=\"wp-block-list\">\r\n<li>Avoir recueilli toutes les \u00e9ventuelles autorisations n\u00e9cessaires aupr\u00e8s de l\u2019autorit\u00e9 comp\u00e9tente pour r\u00e9aliser ledit transfert\u00a0; et<\/li>\r\n\r\n\r\n\r\n<li>Que le transfert est encadr\u00e9 par un m\u00e9canisme de transfert tel que pr\u00e9vu par le RGPD, comme les clauses contractuelles types publi\u00e9es par la Commission europ\u00e9enne.<\/li>\r\n<\/ul>\r\n\r\n\r\n\r\n<p>Nous nous assurons, en outre, avoir analys\u00e9 les garanties pr\u00e9sent\u00e9es par le destinataire des donn\u00e9es et impl\u00e9ment\u00e9 les mesures n\u00e9cessaires pour garantir un niveau de protection \u00e9lev\u00e9 pour toute donn\u00e9e transf\u00e9r\u00e9e en dehors de l\u2019Union europ\u00e9enne.<\/p>\r\n\r\n\r\n\r\n<ol class=\"wp-block-list\" start=\"5\">\r\n<li><strong>D\u00e9signation d\u2019un D\u00e9l\u00e9gu\u00e9 \u00e0 la protection des donn\u00e9es<\/strong><\/li>\r\n<\/ol>\r\n\r\n\r\n\r\n<p>Nous avons d\u00e9sign\u00e9 un D\u00e9l\u00e9gu\u00e9 \u00e0 la Protection des Donn\u00e9es (\u00ab <strong>DPO <\/strong>\u00bb) en charge du respect des r\u00e8gles de protection donn\u00e9es personnelles dont les coordonn\u00e9es apparaissent ci-dessous\u00a0:<\/p>\r\n\r\n\r\n\r\n<p><strong>Contact par voie postale<\/strong>\u00a0:<\/p>\r\n\r\n\r\n\r\n<p>DPO Tagadamedia<\/p>\r\n\r\n\r\n\r\n<p>Soci\u00e9t\u00e9 Tagadamedia<\/p>\r\n\r\n\r\n\r\n<p>55 rue Legendre, 75017 Paris<\/p>\r\n\r\n\r\n\r\n<p><strong>Contact par voie \u00e9lectronique<\/strong>\u00a0: <a href=\"mailto:dpo@tagadamedia.com\">dpo@tagadamedia.com<\/a><\/p>\r\n\r\n\r\n\r\n<p>Si vous souhaitez exercer l\u2019un de vos droits, tels que d\u00e9finis \u00e0 l\u2019Article \u00ab\u00a0Vos droits \u00bb ci-dessous, vous pouvez directement contacter notre DPO par courrier postal ou courrier \u00e9lectronique aux adresses mentionn\u00e9es ci-dessus.\u00a0<\/p>\r\n\r\n\r\n\r\n<ol class=\"wp-block-list\" start=\"6\">\r\n<li><strong>Vos droits<\/strong><\/li>\r\n<\/ol>\r\n\r\n\r\n\r\n<p><strong>Vos droits relatifs \u00e0 la protection de vos donn\u00e9es<\/strong>\u00a0: vous disposez d\u2019un droit d\u2019acc\u00e8s, de rectification, d\u2019effacement et \u00e0 la portabilit\u00e9 de vos donn\u00e9es personnelles. Vous pouvez \u00e9galement demander la limitation du traitement de vos donn\u00e9es personnelles ou vous opposer \u00e0 leur traitement.<\/p>\r\n\r\n\r\n\r\n<p>Si vous r\u00e9sidez en France, vous \u00eates en droit de nous communiquer vos directives relatives au sort de vos donn\u00e9es personnelles en cas de d\u00e9c\u00e8s, conform\u00e9ment aux dispositions de la Loi informatique et libert\u00e9s du 6 janvier 1978.<\/p>\r\n\r\n\r\n\r\n<p><strong>Vos droits relatifs \u00e0 la prospection t\u00e9l\u00e9phonique <\/strong>: vous \u00eates susceptible d\u2019autoriser le Groupe Tagadamedia \u00e0 vous appeler par t\u00e9l\u00e9phone pour r\u00e9pondre \u00e0 votre demande contact.<\/p>\r\n\r\n\r\n\r\n<p>A cet effet, vous \u00eates inform\u00e9(e) de l\u2019existence d\u2019une liste d&rsquo;opposition au d\u00e9marchage t\u00e9l\u00e9phonique \u00ab Bloctel \u00bb, sur laquelle vous pouvez vous inscrire ici : <a href=\"https:\/\/www.bloctel.gouv.fr\/\">https:\/\/www.bloctel.gouv.fr\/<\/a>.<\/p>\r\n\r\n\r\n\r\n<p><strong>Exercice de vos droits<\/strong>\u00a0: en tout \u00e9tat de cause, vos droits peuvent \u00eatre exerc\u00e9s aupr\u00e8s de notre DPO dont les coordonn\u00e9es sont indiqu\u00e9es ci-dessus ou par email \u00e0 l\u2019adresse <a href=\"mailto:contact@tagadamedia.com\">contact@tagadamedia.com<\/a>.<\/p>\r\n\r\n\r\n\r\n<p>Afin de prot\u00e9ger votre vie priv\u00e9e et d&rsquo;assurer la s\u00e9curit\u00e9 de vos donn\u00e9es personnelles, nous pourrons prendre des mesures raisonnables pour v\u00e9rifier votre identit\u00e9 avant de donner suite \u00e0 votre demande d\u2019exercice de droits.<\/p>\r\n\r\n\r\n\r\n<p>En cas de non-respect de vos droits, vous pouvez introduire une r\u00e9clamation aupr\u00e8s de la CNIL.<\/p>\r\n\r\n\r\n\r\n<ol class=\"wp-block-list\" start=\"7\">\r\n<li><strong>S\u00e9curit\u00e9 et confidentialit\u00e9 de vos donn\u00e9es personnelles<\/strong><\/li>\r\n<\/ol>\r\n\r\n\r\n\r\n<p>Nous mettons en \u0153uvre des mesures organisationnelles et techniques de s\u00e9curit\u00e9 destin\u00e9es \u00e0 garantir la s\u00e9curit\u00e9, la confidentialit\u00e9, la disponibilit\u00e9 et l\u2019int\u00e9grit\u00e9 de vos donn\u00e9es personnelles.<\/p>\r\n\r\n\r\n\r\n<p>\u00c0 ce titre, les pr\u00e9cautions administratives, organisationnelles, techniques et physiques mises en \u0153uvre ont pour but de prot\u00e9ger vos donn\u00e9es \u00e0 caract\u00e8re personnel de la perte, du vol, d\u2019un acc\u00e8s non autoris\u00e9, de transmission non autoris\u00e9e, de toute modification ou destruction ill\u00e9gitime.<\/p>\r\n\r\n\r\n\r\n<p>Les mesures et pr\u00e9cautions mises en \u0153uvre sont \u00e9valu\u00e9es au regard de la nature des donn\u00e9es personnelles que nous traitons et des op\u00e9rations de traitement entreprises.<\/p>\r\n\r\n\r\n\r\n<p>Vos donn\u00e9es personnelles collect\u00e9es sont stock\u00e9es de mani\u00e8re confidentielle et prot\u00e9g\u00e9es \u00e0 un tr\u00e8s haut niveau de s\u00e9curit\u00e9.<\/p>\r\n\r\n\r\n\r\n<p>Les serveurs o\u00f9 sont stock\u00e9es vos donn\u00e9es sont conformes aux normes de s\u00e9curit\u00e9 actuellement en vigueur. Pour ce faire, nous faisons appel \u00e0 un prestataire charg\u00e9 de la gestion et l\u2019h\u00e9bergement du Site, qui est certifi\u00e9 ISO 27001 et qui garantit l\u2019h\u00e9bergement en Europe de l\u2019ensemble des sites internet \u00e9dit\u00e9s par la soci\u00e9t\u00e9 Tagadamedia.<\/p>\r\n\r\n\r\n\r\n<p>Toutes les pages du Site sur lesquelles vous \u00eates amen\u00e9(e) \u00e0 communiquer des donn\u00e9es personnelles sont s\u00e9curis\u00e9es.<\/p>\r\n\r\n\r\n\r\n<ol class=\"wp-block-list\" start=\"8\">\r\n<li><strong>Dur\u00e9e de conservation de vos donn\u00e9es personnelles<\/strong><\/li>\r\n<\/ol>\r\n\r\n\r\n\r\n<p>Nous ne conservons vos donn\u00e9es \u00e0 caract\u00e8re personnel que pendant le temps n\u00e9cessaire aux op\u00e9rations pour lesquelles elles ont \u00e9t\u00e9 collect\u00e9es et dans le respect de la r\u00e9glementation en vigueur. De mani\u00e8re g\u00e9n\u00e9rale, les dur\u00e9es de conservation suivantes pourront s\u2019appliquer\u00a0:<\/p>\r\n\r\n\r\n\r\n<figure class=\"wp-block-table\">\r\n<table>\r\n<tbody>\r\n<tr>\r\n<td><strong>Cat\u00e9gories de donn\u00e9es personnelles<\/strong><\/td>\r\n<td><strong>Dur\u00e9es de conservation<\/strong><\/td>\r\n<\/tr>\r\n<tr>\r\n<td>Donn\u00e9es collect\u00e9es au moyen de cookies<\/td>\r\n<td>Au maximum 25 mois.<\/td>\r\n<\/tr>\r\n<tr>\r\n<td>Donn\u00e9es relatives \u00e0 l\u2019envoi de communications commerciales ou newsletters par le Groupe Tagadamedia<\/td>\r\n<td>Dur\u00e9e de 3 ans \u00e0 compter de la date de collecte de vos donn\u00e9es ou du dernier contact \u00e9manant de vous.<\/td>\r\n<\/tr>\r\n<tr>\r\n<td>Donn\u00e9es relatives \u00e0 la preuve de votre consentement<\/td>\r\n<td>Conservation en archivage interm\u00e9diaire pour les dur\u00e9es de prescription l\u00e9gales.<\/td>\r\n<\/tr>\r\n<\/tbody>\r\n<\/table>\r\n<\/figure>\r\n\r\n\r\n\r\n<p>Certaines donn\u00e9es pourront \u00eatre conserv\u00e9es pour une dur\u00e9e suppl\u00e9mentaire pour la gestion de r\u00e9clamations et\/ou contentieux ainsi que pour r\u00e9pondre \u00e0 des obligations l\u00e9gales ou r\u00e9glementaires ou encore pour r\u00e9pondre \u00e0 des demandes d\u2019autorit\u00e9s habilit\u00e9es. Ces donn\u00e9es seront conserv\u00e9es en archivage interm\u00e9diaire et b\u00e9n\u00e9ficieront d\u2019un acc\u00e8s restreint pour ces seules finalit\u00e9s.<\/p>\r\n\r\n\r\n\r\n<ol class=\"wp-block-list\" start=\"9\">\r\n<li><strong>Liens vers des sites et services tiers<\/strong><\/li>\r\n<\/ol>\r\n\r\n\r\n\r\n<p>Le Site peut contenir des liens permettant de vous rediriger vers des sites ou services tiers (<em>ex\u00a0: r\u00e9seaux sociaux, sites de partenaires, etc.<\/em>).<\/p>\r\n\r\n\r\n\r\n<p>La pr\u00e9sente Politique ne s\u2019applique qu\u2019aux traitements r\u00e9alis\u00e9s sur le Site. Nous n\u2019avons aucun contr\u00f4le sur la mani\u00e8re dont les sites ou services tiers sont susceptibles d\u2019utiliser vos donn\u00e9es personnelles.<\/p>\r\n\r\n\r\n\r\n<p>En ce sens, nous ne sommes pas responsables des pratiques des tiers en mati\u00e8re de protection de la vie priv\u00e9e. Nous vous invitons donc \u00e0 consulter les politiques de protection des donn\u00e9es des sites ou services tiers pour prendre connaissance de leurs engagements relatifs \u00e0 l\u2019utilisation de vos donn\u00e9es.<\/p>\r\n\r\n\r\n\r\n<ol class=\"wp-block-list\" start=\"10\">\r\n<li><strong>Utilisation de cookies et traceurs<\/strong><\/li>\r\n<\/ol>\r\n\r\n\r\n\r\n<p><strong>Qu\u2019est-ce qu\u2019un cookie\u00a0? <\/strong>Un cookie est un petit fichier texte enregistr\u00e9 depuis un espace d\u00e9di\u00e9 du disque dur de votre terminal, \u00e0 l\u2019occasion de la consultation d\u2019un service en ligne gr\u00e2ce \u00e0 votre navigateur. Il permet \u00e0 son \u00e9diteur d\u2019identifier le terminal dans lequel il est enregistr\u00e9, pendant la dur\u00e9e de validit\u00e9 ou d\u2019enregistrement du cookie.<\/p>\r\n\r\n\r\n\r\n<p><strong>Comment peuvent \u00eatre utilis\u00e9s les cookies sur le Site\u00a0? <\/strong>Les cookies utilis\u00e9s sur le Site sont utilis\u00e9s pour les finalit\u00e9s d\u00e9finies au sein de notre solution de gestion du consentement (ou \u00ab\u00a0<strong>CMP<\/strong>\u00a0\u00bb). Ils peuvent, par exemple, nous permettre de personnaliser le contenu du Site, d\u2019offrir des fonctionnalit\u00e9s relatives aux r\u00e9seaux sociaux, d\u2019analyser la performance du Site ou votre navigation ou encore de mesurer son audience.<\/p>\r\n\r\n\r\n\r\n<p>Le Site utilise \u00e9galement des cookies n\u00e9cessaires pour assurer son bon fonctionnement technique (<em>ex\u00a0: cookie de session, stockage du consentement, etc.<\/em>). Ces cookies sont d\u00e9pos\u00e9s automatiquement d\u00e8s votre arriv\u00e9e sur le Site et ne requi\u00e8rent pas votre consentement.\u00a0<\/p>\r\n\r\n\r\n\r\n<p>Pour tous les autres cookies non exempt\u00e9s de consentement, ceux-ci ne pourront \u00eatre d\u00e9pos\u00e9s qu\u2019apr\u00e8s avoir recueilli votre accord pour leur utilisation via notre CMP.<\/p>\r\n\r\n\r\n\r\n<p>Pour plus d\u2019informations sur ces cookies utilis\u00e9s sur le site, veuillez-vous r\u00e9f\u00e9rer \u00e0 notre CMP qui vous fournira une information d\u00e9taill\u00e9e sur\u00a0:<\/p>\r\n\r\n\r\n\r\n<ul class=\"wp-block-list\">\r\n<li>Les finalit\u00e9s des cookies utilis\u00e9s sur le Site.<\/li>\r\n\r\n\r\n\r\n<li>Les partenaires \u00e9diteurs d\u00e9posant des cookies sur le Site.<\/li>\r\n\r\n\r\n\r\n<li>Les dur\u00e9es de conservation applicable \u00e0 chaque cookie.<\/li>\r\n<\/ul>\r\n\r\n\r\n\r\n<p><strong>Comment utiliser notre CMP\u00a0? <\/strong>Lors de votre premi\u00e8re visite sur le Site, notre CMP appara\u00eet pour vous informer sur les diff\u00e9rents cookies utilis\u00e9s, leur(s) finalit\u00e9(s), leur fournisseur et leur dur\u00e9e de validit\u00e9 \/ enregistrement sur votre terminal.<\/p>\r\n\r\n\r\n\r\n<p>Notre CMP vous donne ainsi la possibilit\u00e9\u00a0:<\/p>\r\n\r\n\r\n\r\n<ul class=\"wp-block-list\">\r\n<li>D\u2019accepter l\u2019ensemble des cookies utilis\u00e9s sur le Site.<\/li>\r\n\r\n\r\n\r\n<li>De choisir les cookies qui peuvent \u00eatre utilis\u00e9s lors de votre navigation.<\/li>\r\n\r\n\r\n\r\n<li>De refuser l\u2019utilisation de tous les cookies, \u00e0 l\u2019exception des cookies n\u00e9cessaires au bon fonctionnement du Site.<\/li>\r\n<\/ul>\r\n\r\n\r\n\r\n<p>Vous pourrez, \u00e0 tout moment, modifier vos choix ou retirer votre consentement en cliquant <a>sur notre CMP<\/a> sur le Site accessible par un lien actif en bas de chaque page.<\/p>\r\n\r\n\r\n\r\n<p>Sans modification, vos choix relatifs \u00e0 l\u2019utilisation de cookies seront conserv\u00e9s pendant six (6) mois sur notre Site, avant d\u2019\u00eatre renouvel\u00e9s.<\/p>\r\n\r\n\r\n\r\n<p>&nbsp;<\/p>\r\n","protected":false},"excerpt":{"rendered":"<p>POLITIQUE DE PROTECTION DES DONN\u00c9ES PERSONNELLES ET COOKIES La pr\u00e9sente Politique a pour objectif de vous informer de l\u2019utilisation de vos informations personnelles et de l\u2019utilisation de cookies lors de votre navigation sur notre site internet (le \u00ab\u00a0Site\u00a0\u00bb). \u00c0 travers cette Politique, nous souhaitons que&#8230;<\/p>\n","protected":false},"author":5,"featured_media":0,"parent":0,"menu_order":0,"comment_status":"closed","ping_status":"closed","template":"","meta":{"footnotes":""},"class_list":["post-7908","page","type-page","status-publish","hentry"],"_links":{"self":[{"href":"https:\/\/www.tagadamedia.com\/fr\/wp-json\/wp\/v2\/pages\/7908","targetHints":{"allow":["GET"]}}],"collection":[{"href":"https:\/\/www.tagadamedia.com\/fr\/wp-json\/wp\/v2\/pages"}],"about":[{"href":"https:\/\/www.tagadamedia.com\/fr\/wp-json\/wp\/v2\/types\/page"}],"author":[{"embeddable":true,"href":"https:\/\/www.tagadamedia.com\/fr\/wp-json\/wp\/v2\/users\/5"}],"replies":[{"embeddable":true,"href":"https:\/\/www.tagadamedia.com\/fr\/wp-json\/wp\/v2\/comments?post=7908"}],"version-history":[{"count":5,"href":"https:\/\/www.tagadamedia.com\/fr\/wp-json\/wp\/v2\/pages\/7908\/revisions"}],"predecessor-version":[{"id":7918,"href":"https:\/\/www.tagadamedia.com\/fr\/wp-json\/wp\/v2\/pages\/7908\/revisions\/7918"}],"wp:attachment":[{"href":"https:\/\/www.tagadamedia.com\/fr\/wp-json\/wp\/v2\/media?parent=7908"}],"curies":[{"name":"wp","href":"https:\/\/api.w.org\/{rel}","templated":true}]}}